{"id":10096,"date":"2024-04-09T14:17:15","date_gmt":"2024-04-09T12:17:15","guid":{"rendered":"https:\/\/www.commax.de\/imprint\/"},"modified":"2025-09-02T12:00:56","modified_gmt":"2025-09-02T10:00:56","slug":"imprint","status":"publish","type":"page","link":"https:\/\/www.commax.de\/en\/imprint\/","title":{"rendered":"Imprint"},"content":{"rendered":"\t\t<div data-elementor-type=\"wp-page\" data-elementor-id=\"10096\" class=\"elementor elementor-10096 elementor-196\" data-elementor-post-type=\"page\">\n\t\t\t\t<div class=\"elementor-element elementor-element-82c98af e-flex e-con-boxed e-con e-parent\" data-id=\"82c98af\" data-element_type=\"container\" data-e-type=\"container\">\n\t\t\t\t\t<div class=\"e-con-inner\">\n\t\t<div class=\"elementor-element elementor-element-0c1fae5 e-flex e-con-boxed e-con e-child\" data-id=\"0c1fae5\" data-element_type=\"container\" data-e-type=\"container\">\n\t\t\t\t\t<div class=\"e-con-inner\">\n\t\t\t\t<div class=\"elementor-element elementor-element-a8a44fc elementor-widget elementor-widget-heading\" data-id=\"a8a44fc\" data-element_type=\"widget\" data-e-type=\"widget\" data-widget_type=\"heading.default\">\n\t\t\t\t<div class=\"elementor-widget-container\">\n\t\t\t\t\t<h1 class=\"elementor-heading-title elementor-size-default\">Imprint<\/h1>\t\t\t\t<\/div>\n\t\t\t\t<\/div>\n\t\t\t\t\t<\/div>\n\t\t\t\t<\/div>\n\t\t\t\t\t<\/div>\n\t\t\t\t<\/div>\n\t\t<div class=\"elementor-element elementor-element-0d3f65c e-flex e-con-boxed e-con e-parent\" data-id=\"0d3f65c\" data-element_type=\"container\" data-e-type=\"container\">\n\t\t\t\t\t<div class=\"e-con-inner\">\n\t\t<div class=\"elementor-element elementor-element-18340f4 e-flex e-con-boxed e-con e-child\" data-id=\"18340f4\" data-element_type=\"container\" data-e-type=\"container\">\n\t\t\t\t\t<div class=\"e-con-inner\">\n\t\t\t\t<div class=\"elementor-element elementor-element-3d01b7c elementor-widget elementor-widget-heading\" data-id=\"3d01b7c\" data-element_type=\"widget\" data-e-type=\"widget\" data-widget_type=\"heading.default\">\n\t\t\t\t<div class=\"elementor-widget-container\">\n\t\t\t\t\t<span class=\"elementor-heading-title elementor-size-default\">Commax Consulting GmbH  Co. KG<\/span>\t\t\t\t<\/div>\n\t\t\t\t<\/div>\n\t\t\t\t<div class=\"elementor-element elementor-element-aba3539 elementor-widget elementor-widget-text-editor\" data-id=\"aba3539\" data-element_type=\"widget\" data-e-type=\"widget\" data-widget_type=\"text-editor.default\">\n\t\t\t\t<div class=\"elementor-widget-container\">\n\t\t\t\t\t\t\t\t\t<p>S\u00fcdliche M\u00fcnchner Str. 10a<br>82031 Gr\u00fcnwald near Munich<\/p><p>Tel. 089 \u2013 360 384-0<br>Fax 089 \u2013 360 384-38 <br><a href=\"mailto:info@commax.de\">info@commax.de<\/a><br><a href=\"https:\/\/www.commax.de\/en\/\" target=\"_blank\" rel=\"noopener\">www.commax.de<\/a><\/p>\t\t\t\t\t\t\t\t<\/div>\n\t\t\t\t<\/div>\n\t\t\t\t<div class=\"elementor-element elementor-element-e6758ee elementor-widget elementor-widget-heading\" data-id=\"e6758ee\" data-element_type=\"widget\" data-e-type=\"widget\" data-widget_type=\"heading.default\">\n\t\t\t\t<div class=\"elementor-widget-container\">\n\t\t\t\t\t<span class=\"elementor-heading-title elementor-size-default\">Managing Directors  Partners<\/span>\t\t\t\t<\/div>\n\t\t\t\t<\/div>\n\t\t\t\t<div class=\"elementor-element elementor-element-125b0ba elementor-widget elementor-widget-text-editor\" data-id=\"125b0ba\" data-element_type=\"widget\" data-e-type=\"widget\" data-widget_type=\"text-editor.default\">\n\t\t\t\t<div class=\"elementor-widget-container\">\n\t\t\t\t\t\t\t\t\tRainer Arlt, Robert G\u00f6tz\t\t\t\t\t\t\t\t<\/div>\n\t\t\t\t<\/div>\n\t\t\t\t<div class=\"elementor-element elementor-element-38ddee3 elementor-widget elementor-widget-heading\" data-id=\"38ddee3\" data-element_type=\"widget\" data-e-type=\"widget\" data-widget_type=\"heading.default\">\n\t\t\t\t<div class=\"elementor-widget-container\">\n\t\t\t\t\t<span class=\"elementor-heading-title elementor-size-default\">Management ppa.<\/span>\t\t\t\t<\/div>\n\t\t\t\t<\/div>\n\t\t\t\t<div class=\"elementor-element elementor-element-f41ad68 elementor-widget elementor-widget-text-editor\" data-id=\"f41ad68\" data-element_type=\"widget\" data-e-type=\"widget\" data-widget_type=\"text-editor.default\">\n\t\t\t\t<div class=\"elementor-widget-container\">\n\t\t\t\t\t\t\t\t\tAlexandra Geissler-Hollenbach\t\t\t\t\t\t\t\t<\/div>\n\t\t\t\t<\/div>\n\t\t\t\t<div class=\"elementor-element elementor-element-c667f59 elementor-widget elementor-widget-heading\" data-id=\"c667f59\" data-element_type=\"widget\" data-e-type=\"widget\" data-widget_type=\"heading.default\">\n\t\t\t\t<div class=\"elementor-widget-container\">\n\t\t\t\t\t<span class=\"elementor-heading-title elementor-size-default\">Registration Number<\/span>\t\t\t\t<\/div>\n\t\t\t\t<\/div>\n\t\t\t\t<div class=\"elementor-element elementor-element-cadd56f elementor-widget elementor-widget-text-editor\" data-id=\"cadd56f\" data-element_type=\"widget\" data-e-type=\"widget\" data-widget_type=\"text-editor.default\">\n\t\t\t\t<div class=\"elementor-widget-container\">\n\t\t\t\t\t\t\t\t\t<p>HRA 105595<br>Local Court Munich<\/p><p>VAT ID No. DE 307619981<br>Certified to DIN EN ISO 9001 <\/p>\t\t\t\t\t\t\t\t<\/div>\n\t\t\t\t<\/div>\n\t\t\t\t\t<\/div>\n\t\t\t\t<\/div>\n\t\t<div class=\"elementor-element elementor-element-1724a73 e-flex e-con-boxed e-con e-child\" data-id=\"1724a73\" data-element_type=\"container\" data-e-type=\"container\">\n\t\t\t\t\t<div class=\"e-con-inner\">\n\t\t\t\t<div class=\"elementor-element elementor-element-d46ea07 elementor-widget elementor-widget-heading\" data-id=\"d46ea07\" data-element_type=\"widget\" data-e-type=\"widget\" data-widget_type=\"heading.default\">\n\t\t\t\t<div class=\"elementor-widget-container\">\n\t\t\t\t\t<span class=\"elementor-heading-title elementor-size-default\">Responsible for the content according to \u00a7 10 III MDStV:<\/span>\t\t\t\t<\/div>\n\t\t\t\t<\/div>\n\t\t\t\t<div class=\"elementor-element elementor-element-85a3bda elementor-widget elementor-widget-text-editor\" data-id=\"85a3bda\" data-element_type=\"widget\" data-e-type=\"widget\" data-widget_type=\"text-editor.default\">\n\t\t\t\t<div class=\"elementor-widget-container\">\n\t\t\t\t\t\t\t\t\t<p>Alexandra Geissler-Hollenbach<br>For pages identified by name, the respective authors are responsible for the content.<\/p>\t\t\t\t\t\t\t\t<\/div>\n\t\t\t\t<\/div>\n\t\t\t\t<div class=\"elementor-element elementor-element-8c7ba0c elementor-widget elementor-widget-heading\" data-id=\"8c7ba0c\" data-element_type=\"widget\" data-e-type=\"widget\" data-widget_type=\"heading.default\">\n\t\t\t\t<div class=\"elementor-widget-container\">\n\t\t\t\t\t<span class=\"elementor-heading-title elementor-size-default\">Key Features of Services:<\/span>\t\t\t\t<\/div>\n\t\t\t\t<\/div>\n\t\t\t\t<div class=\"elementor-element elementor-element-64a2ddc elementor-widget elementor-widget-text-editor\" data-id=\"64a2ddc\" data-element_type=\"widget\" data-e-type=\"widget\" data-widget_type=\"text-editor.default\">\n\t\t\t\t<div class=\"elementor-widget-container\">\n\t\t\t\t\t\t\t\t\t<p>Management consulting for value-oriented personnel and organizational development. Commax. The people specialists.  <\/p>\t\t\t\t\t\t\t\t<\/div>\n\t\t\t\t<\/div>\n\t\t\t\t<div class=\"elementor-element elementor-element-609f9c9 elementor-widget elementor-widget-heading\" data-id=\"609f9c9\" data-element_type=\"widget\" data-e-type=\"widget\" data-widget_type=\"heading.default\">\n\t\t\t\t<div class=\"elementor-widget-container\">\n\t\t\t\t\t<span class=\"elementor-heading-title elementor-size-default\">Design  Technical Implementation<\/span>\t\t\t\t<\/div>\n\t\t\t\t<\/div>\n\t\t\t\t<div class=\"elementor-element elementor-element-c97388e elementor-widget elementor-widget-text-editor\" data-id=\"c97388e\" data-element_type=\"widget\" data-e-type=\"widget\" data-widget_type=\"text-editor.default\">\n\t\t\t\t<div class=\"elementor-widget-container\">\n\t\t\t\t\t\t\t\t\t<p>450 Heartbeats GmbH<br>Herzogspitalstrasse 9<br>80331 Munich<\/p><p>Web: <a title=\"WordPress Agency in Munich\" href=\"https:\/\/www.450heartbeats.com\/\" target=\"_blank\" rel=\"noopener\">www.450heartbeats.com<\/a><br>Contact us: <a href=\"mailto:hello@450heartbeats.com\">hello@450heartbeats.com<\/a><\/p>\t\t\t\t\t\t\t\t<\/div>\n\t\t\t\t<\/div>\n\t\t\t\t\t<\/div>\n\t\t\t\t<\/div>\n\t\t\t\t\t<\/div>\n\t\t\t\t<\/div>\n\t\t\t\t<\/div>\n\t\t","protected":false},"excerpt":{"rendered":"<p>Imprint Commax Consulting GmbH Co. KG S\u00fcdliche M\u00fcnchner Str. 10a82031 Gr\u00fcnwald near Munich Tel. 089 \u2013 360 384-0Fax 089 \u2013 360 384-38 info@commax.dewww.commax.de Managing Directors Partners Rainer Arlt, Robert G\u00f6tz Management ppa. Alexandra Geissler-Hollenbach Registration Number HRA 105595Local Court Munich VAT ID No. DE 307619981Certified to DIN EN ISO 9001 Responsible for the content according [&hellip;]<\/p>\n","protected":false},"author":1,"featured_media":0,"parent":0,"menu_order":0,"comment_status":"closed","ping_status":"closed","template":"","meta":{"footnotes":""},"class_list":["post-10096","page","type-page","status-publish","hentry"],"acf":[],"_links":{"self":[{"href":"https:\/\/www.commax.de\/en\/wp-json\/wp\/v2\/pages\/10096","targetHints":{"allow":["GET"]}}],"collection":[{"href":"https:\/\/www.commax.de\/en\/wp-json\/wp\/v2\/pages"}],"about":[{"href":"https:\/\/www.commax.de\/en\/wp-json\/wp\/v2\/types\/page"}],"author":[{"embeddable":true,"href":"https:\/\/www.commax.de\/en\/wp-json\/wp\/v2\/users\/1"}],"replies":[{"embeddable":true,"href":"https:\/\/www.commax.de\/en\/wp-json\/wp\/v2\/comments?post=10096"}],"version-history":[{"count":1,"href":"https:\/\/www.commax.de\/en\/wp-json\/wp\/v2\/pages\/10096\/revisions"}],"predecessor-version":[{"id":10097,"href":"https:\/\/www.commax.de\/en\/wp-json\/wp\/v2\/pages\/10096\/revisions\/10097"}],"wp:attachment":[{"href":"https:\/\/www.commax.de\/en\/wp-json\/wp\/v2\/media?parent=10096"}],"curies":[{"name":"wp","href":"https:\/\/api.w.org\/{rel}","templated":true}]}}