{"id":10092,"date":"2024-04-10T14:31:17","date_gmt":"2024-04-10T12:31:17","guid":{"rendered":"https:\/\/www.commax.de\/contact\/"},"modified":"2025-09-18T12:13:21","modified_gmt":"2025-09-18T10:13:21","slug":"contact","status":"publish","type":"page","link":"https:\/\/www.commax.de\/en\/contact\/","title":{"rendered":"Contact"},"content":{"rendered":"\t\t<div data-elementor-type=\"wp-page\" data-elementor-id=\"10092\" class=\"elementor elementor-10092 elementor-473\" data-elementor-post-type=\"page\">\n\t\t\t\t<div class=\"elementor-element elementor-element-1b7e093 e-flex e-con-boxed e-con e-parent\" data-id=\"1b7e093\" data-element_type=\"container\" data-e-type=\"container\">\n\t\t\t\t\t<div class=\"e-con-inner\">\n\t\t\t\t<div class=\"elementor-element elementor-element-4d2cca5 elementor-widget elementor-widget-image\" data-id=\"4d2cca5\" data-element_type=\"widget\" data-e-type=\"widget\" data-widget_type=\"image.default\">\n\t\t\t\t<div class=\"elementor-widget-container\">\n\t\t\t\t\t\t\t\t\t\t\t\t\t\t\t<img fetchpriority=\"high\" decoding=\"async\" width=\"2275\" height=\"1095\" src=\"https:\/\/www.commax.de\/wp-content\/uploads\/2024\/07\/kontakt_hero_01_1095.jpg\" class=\"attachment-full size-full wp-image-10041\" alt=\"\" srcset=\"https:\/\/www.commax.de\/wp-content\/uploads\/2024\/07\/kontakt_hero_01_1095.jpg 2275w, https:\/\/www.commax.de\/wp-content\/uploads\/2024\/07\/kontakt_hero_01_1095-300x144.jpg 300w, https:\/\/www.commax.de\/wp-content\/uploads\/2024\/07\/kontakt_hero_01_1095-1024x493.jpg 1024w, https:\/\/www.commax.de\/wp-content\/uploads\/2024\/07\/kontakt_hero_01_1095-768x370.jpg 768w, https:\/\/www.commax.de\/wp-content\/uploads\/2024\/07\/kontakt_hero_01_1095-1536x739.jpg 1536w, https:\/\/www.commax.de\/wp-content\/uploads\/2024\/07\/kontakt_hero_01_1095-2048x986.jpg 2048w\" sizes=\"(max-width: 2275px) 100vw, 2275px\" \/>\t\t\t\t\t\t\t\t\t\t\t\t\t\t\t<\/div>\n\t\t\t\t<\/div>\n\t\t\t\t\t<\/div>\n\t\t\t\t<\/div>\n\t\t<div class=\"elementor-element elementor-element-530680a e-flex e-con-boxed e-con e-parent\" data-id=\"530680a\" data-element_type=\"container\" data-e-type=\"container\" data-settings=\"{&quot;background_background&quot;:&quot;classic&quot;}\">\n\t\t\t\t\t<div class=\"e-con-inner\">\n\t\t<div class=\"elementor-element elementor-element-5cf1e43 e-con-full e-flex e-con e-child\" data-id=\"5cf1e43\" data-element_type=\"container\" data-e-type=\"container\" data-settings=\"{&quot;background_background&quot;:&quot;classic&quot;}\">\n\t\t<div class=\"elementor-element elementor-element-34cd6bd e-con-full e-flex e-con e-child\" data-id=\"34cd6bd\" data-element_type=\"container\" data-e-type=\"container\">\n\t\t<div class=\"elementor-element elementor-element-5975c3b e-flex e-con-boxed e-con e-child\" data-id=\"5975c3b\" data-element_type=\"container\" data-e-type=\"container\">\n\t\t\t\t\t<div class=\"e-con-inner\">\n\t\t\t\t<div class=\"elementor-element elementor-element-4bd7305 elementor-widget__width-initial elementor-widget-mobile__width-inherit elementor-widget elementor-widget-heading\" data-id=\"4bd7305\" data-element_type=\"widget\" data-e-type=\"widget\" data-widget_type=\"heading.default\">\n\t\t\t\t<div class=\"elementor-widget-container\">\n\t\t\t\t\t<h2 class=\"elementor-heading-title elementor-size-default\">We look forward<br>to hearing from you.<\/h2>\t\t\t\t<\/div>\n\t\t\t\t<\/div>\n\t\t\t\t\t<\/div>\n\t\t\t\t<\/div>\n\t\t<div class=\"elementor-element elementor-element-4f46c3b e-flex e-con-boxed e-con e-child\" data-id=\"4f46c3b\" data-element_type=\"container\" data-e-type=\"container\">\n\t\t\t\t\t<div class=\"e-con-inner\">\n\t\t\t\t<div class=\"elementor-element elementor-element-f287562 elementor-align-left elementor-widget elementor-widget-button\" data-id=\"f287562\" data-element_type=\"widget\" data-e-type=\"widget\" data-widget_type=\"button.default\">\n\t\t\t\t<div class=\"elementor-widget-container\">\n\t\t\t\t\t\t\t\t\t<div class=\"elementor-button-wrapper\">\n\t\t\t\t\t<a class=\"elementor-button elementor-button-link elementor-size-sm\" href=\"#start\">\n\t\t\t\t\t\t<span class=\"elementor-button-content-wrapper\">\n\t\t\t\t\t\t<span class=\"elementor-button-icon\">\n\t\t\t\t<i aria-hidden=\"true\" class=\"icon icon-icon_down_01\"><\/i>\t\t\t<\/span>\n\t\t\t\t\t\t\t\t\t<span class=\"elementor-button-text\">Contact us now<\/span>\n\t\t\t\t\t<\/span>\n\t\t\t\t\t<\/a>\n\t\t\t\t<\/div>\n\t\t\t\t\t\t\t\t<\/div>\n\t\t\t\t<\/div>\n\t\t\t\t\t<\/div>\n\t\t\t\t<\/div>\n\t\t\t\t<\/div>\n\t\t\t\t<\/div>\n\t\t\t\t\t<\/div>\n\t\t\t\t<\/div>\n\t\t<div class=\"elementor-element elementor-element-7daacba e-flex e-con-boxed e-con e-parent\" data-id=\"7daacba\" data-element_type=\"container\" data-e-type=\"container\" id=\"start\">\n\t\t\t\t\t<div class=\"e-con-inner\">\n\t\t<div class=\"elementor-element elementor-element-aeca296 e-con-full e-flex e-con e-child\" data-id=\"aeca296\" data-element_type=\"container\" data-e-type=\"container\">\n\t\t\t\t<div class=\"elementor-element elementor-element-3794f2d elementor-widget elementor-widget-heading\" data-id=\"3794f2d\" data-element_type=\"widget\" data-e-type=\"widget\" data-widget_type=\"heading.default\">\n\t\t\t\t<div class=\"elementor-widget-container\">\n\t\t\t\t\t<h2 class=\"elementor-heading-title elementor-size-default\">We are here for you<\/h2>\t\t\t\t<\/div>\n\t\t\t\t<\/div>\n\t\t\t\t<div class=\"elementor-element elementor-element-84797a3 elementor-widget elementor-widget-text-editor\" data-id=\"84797a3\" data-element_type=\"widget\" data-e-type=\"widget\" data-widget_type=\"text-editor.default\">\n\t\t\t\t<div class=\"elementor-widget-container\">\n\t\t\t\t\t\t\t\t\tDo you have questions, brilliant ideas, or specific challenges? Feel free to knock on our digital door. Use our contact form or pick up the phone. We are happy to assist you and offer free, no-obligation advice. \t\t\t\t\t\t\t\t<\/div>\n\t\t\t\t<\/div>\n\t\t\t\t<\/div>\n\t\t<div class=\"elementor-element elementor-element-937fcc7 e-con-full e-flex e-con e-child\" data-id=\"937fcc7\" data-element_type=\"container\" data-e-type=\"container\">\n\t\t\t\t<div class=\"elementor-element elementor-element-85a47bf elementor-widget elementor-widget-image\" data-id=\"85a47bf\" data-element_type=\"widget\" data-e-type=\"widget\" data-widget_type=\"image.default\">\n\t\t\t\t<div class=\"elementor-widget-container\">\n\t\t\t\t\t\t\t\t\t\t\t\t\t\t\t<img decoding=\"async\" width=\"800\" height=\"591\" src=\"https:\/\/www.commax.de\/wp-content\/uploads\/2024\/04\/commax_kontakt_people_01-1-1024x757.jpg\" class=\"attachment-large size-large wp-image-10042\" alt=\"\" srcset=\"https:\/\/www.commax.de\/wp-content\/uploads\/2024\/04\/commax_kontakt_people_01-1-1024x757.jpg 1024w, https:\/\/www.commax.de\/wp-content\/uploads\/2024\/04\/commax_kontakt_people_01-1-300x222.jpg 300w, https:\/\/www.commax.de\/wp-content\/uploads\/2024\/04\/commax_kontakt_people_01-1-768x568.jpg 768w, https:\/\/www.commax.de\/wp-content\/uploads\/2024\/04\/commax_kontakt_people_01-1.jpg 1078w\" sizes=\"(max-width: 800px) 100vw, 800px\" \/>\t\t\t\t\t\t\t\t\t\t\t\t\t\t\t<\/div>\n\t\t\t\t<\/div>\n\t\t\t\t<\/div>\n\t\t\t\t\t<\/div>\n\t\t\t\t<\/div>\n\t\t<div class=\"elementor-element elementor-element-1235f8a e-flex e-con-boxed e-con e-parent\" data-id=\"1235f8a\" data-element_type=\"container\" data-e-type=\"container\">\n\t\t\t\t\t<div class=\"e-con-inner\">\n\t\t<div class=\"elementor-element elementor-element-7a2d15f e-con-full e-flex e-con e-child\" data-id=\"7a2d15f\" data-element_type=\"container\" data-e-type=\"container\">\n\t\t\t\t<div class=\"elementor-element elementor-element-17fba0b elementor-widget elementor-widget-html\" data-id=\"17fba0b\" data-element_type=\"widget\" data-e-type=\"widget\" data-widget_type=\"html.default\">\n\t\t\t\t<div class=\"elementor-widget-container\">\n\t\t\t\t\t<style id=\"wpforms-css-vars-510\">\n\t\t\t\t#wpforms-510 {\n\t\t\t\t\n\t\t\t}\n\t\t\t<\/style><div class=\"wpforms-container wpforms-container-full wpforms-render-modern\" id=\"wpforms-510\"><form id=\"wpforms-form-510\" class=\"wpforms-validate wpforms-form wpforms-ajax-form\" data-formid=\"510\" method=\"post\" enctype=\"multipart\/form-data\" action=\"\/en\/wp-json\/wp\/v2\/pages\/10092\" data-token=\"36835050505148097898f752aa47e9fd\" data-token-time=\"1777068231\"><noscript class=\"wpforms-error-noscript\">Please enable JavaScript in your browser to complete this form.<\/noscript><div id=\"wpforms-error-noscript\" style=\"display: none;\">Please enable JavaScript in your browser to complete this form.<\/div><div class=\"wpforms-field-container\"><div id=\"wpforms-510-field_1-container\" class=\"wpforms-field wpforms-field-name wpf-1\" data-field-id=\"1\"><label class=\"wpforms-field-label\" for=\"wpforms-510-field_1\">What is your name? <span class=\"wpforms-required-label\" aria-hidden=\"true\">*<\/span><\/label><input type=\"text\" id=\"wpforms-510-field_1\" class=\"wpforms-field-large wpforms-field-required\" name=\"wpforms[fields][1]\" placeholder=\"Olive Wendelstein\" aria-errormessage=\"wpforms-510-field_1-error\" required><\/div><div id=\"wpforms-510-field_2-container\" class=\"wpforms-field wpforms-field-email wpf-2\" data-field-id=\"2\"><label class=\"wpforms-field-label\" for=\"wpforms-510-field_2\">What is your email address? <span class=\"wpforms-required-label\" aria-hidden=\"true\">*<\/span><\/label><input type=\"email\" id=\"wpforms-510-field_2\" class=\"wpforms-field-large wpforms-field-required\" name=\"wpforms[fields][2]\" placeholder=\"wendelstein@mail.com\" spellcheck=\"false\" aria-errormessage=\"wpforms-510-field_2-error\" required><\/div><div id=\"wpforms-510-field_3-container\" class=\"wpforms-field wpforms-field-text wpf-3\" data-field-id=\"3\"><label class=\"wpforms-field-label\" for=\"wpforms-510-field_3\">What is the name of your company?<\/label><input type=\"text\" id=\"wpforms-510-field_3\" class=\"wpforms-field-large\" name=\"wpforms[fields][3]\" placeholder=\"Company Name\" aria-errormessage=\"wpforms-510-field_3-error\" ><\/div><div id=\"wpforms-510-field_4-container\" class=\"wpforms-field wpforms-field-textarea wpf-4\" data-field-id=\"4\"><label class=\"wpforms-field-label\" for=\"wpforms-510-field_4\">Your Message<\/label><textarea id=\"wpforms-510-field_4\" class=\"wpforms-field-medium\" name=\"wpforms[fields][4]\" placeholder=\"Hello Commax, can you help me with...\" aria-errormessage=\"wpforms-510-field_4-error\" ><\/textarea><\/div><\/div><!-- .wpforms-field-container --><div class=\"wpforms-recaptcha-container wpforms-is-hcaptcha\" ><div class=\"h-captcha\" data-sitekey=\"41e4f09f-6725-4816-8f1d-eb90f97205e8\"><\/div><input type=\"text\" name=\"g-recaptcha-hidden\" class=\"wpforms-recaptcha-hidden\" style=\"position:absolute!important;clip:rect(0,0,0,0)!important;height:1px!important;width:1px!important;border:0!important;overflow:hidden!important;padding:0!important;margin:0!important;\" data-rule-hcaptcha=\"1\"><\/div><div class=\"wpforms-submit-container\" ><input type=\"hidden\" name=\"wpforms[id]\" value=\"510\"><input type=\"hidden\" name=\"page_title\" value=\"\"><input type=\"hidden\" name=\"page_url\" value=\"https:\/\/www.commax.de\/en\/wp-json\/wp\/v2\/pages\/10092\"><input type=\"hidden\" name=\"url_referer\" value=\"\"><button type=\"submit\" name=\"wpforms[submit]\" id=\"wpforms-submit-510\" class=\"wpforms-submit\" data-alt-text=\"Sending...\" data-submit-text=\"Send Message\" aria-live=\"assertive\" value=\"wpforms-submit\">Send Message<\/button><img decoding=\"async\" src=\"https:\/\/www.commax.de\/wp-content\/plugins\/wpforms\/assets\/images\/submit-spin.svg\" class=\"wpforms-submit-spinner\" style=\"display: none;\" width=\"26\" height=\"26\" alt=\"Loading\"><\/div><\/form><\/div>  <!-- .wpforms-container -->\t\t\t\t<\/div>\n\t\t\t\t<\/div>\n\t\t\t\t<\/div>\n\t\t<div class=\"elementor-element elementor-element-e2f173f e-con-full e-flex e-con e-child\" data-id=\"e2f173f\" data-element_type=\"container\" data-e-type=\"container\">\n\t\t\t\t<div class=\"elementor-element elementor-element-7259194 elementor-widget elementor-widget-heading\" data-id=\"7259194\" data-element_type=\"widget\" data-e-type=\"widget\" data-widget_type=\"heading.default\">\n\t\t\t\t<div class=\"elementor-widget-container\">\n\t\t\t\t\t<h3 class=\"elementor-heading-title elementor-size-default\">Contact<\/h3>\t\t\t\t<\/div>\n\t\t\t\t<\/div>\n\t\t\t\t<div class=\"elementor-element elementor-element-0f5ca21 elementor-widget elementor-widget-text-editor\" data-id=\"0f5ca21\" data-element_type=\"widget\" data-e-type=\"widget\" data-widget_type=\"text-editor.default\">\n\t\t\t\t<div class=\"elementor-widget-container\">\n\t\t\t\t\t\t\t\t\t<a href=\"mailto:info@commax.de\"><span id=\"mail\">info@commax.de<\/span><\/a><br>089 &#8211; 360 384-0\t\t\t\t\t\t\t\t<\/div>\n\t\t\t\t<\/div>\n\t\t\t\t<div class=\"elementor-element elementor-element-3b0406a elementor-widget elementor-widget-heading\" data-id=\"3b0406a\" data-element_type=\"widget\" data-e-type=\"widget\" data-widget_type=\"heading.default\">\n\t\t\t\t<div class=\"elementor-widget-container\">\n\t\t\t\t\t<h3 class=\"elementor-heading-title elementor-size-default\">Visit us<\/h3>\t\t\t\t<\/div>\n\t\t\t\t<\/div>\n\t\t\t\t<div class=\"elementor-element elementor-element-26c0430 elementor-widget elementor-widget-text-editor\" data-id=\"26c0430\" data-element_type=\"widget\" data-e-type=\"widget\" data-widget_type=\"text-editor.default\">\n\t\t\t\t<div class=\"elementor-widget-container\">\n\t\t\t\t\t\t\t\t\tCommax Consulting GmbH &amp; Co. KG<br>S\u00fcdliche M\u00fcnchner Str. 10a<br>82031 Gr\u00fcnwald near Munich\t\t\t\t\t\t\t\t<\/div>\n\t\t\t\t<\/div>\n\t\t\t\t<div class=\"elementor-element elementor-element-e98d818 elementor-align-left elementor-widget elementor-widget-button\" data-id=\"e98d818\" data-element_type=\"widget\" data-e-type=\"widget\" data-widget_type=\"button.default\">\n\t\t\t\t<div class=\"elementor-widget-container\">\n\t\t\t\t\t\t\t\t\t<div class=\"elementor-button-wrapper\">\n\t\t\t\t\t<a class=\"elementor-button elementor-button-link elementor-size-sm\" href=\"https:\/\/maps.app.goo.gl\/2QCuHdVzkh4bp9P19\" target=\"_blank\" rel=\"nofollow\">\n\t\t\t\t\t\t<span class=\"elementor-button-content-wrapper\">\n\t\t\t\t\t\t<span class=\"elementor-button-icon\">\n\t\t\t\t<i aria-hidden=\"true\" class=\"icon icon-icon_arrow_02\"><\/i>\t\t\t<\/span>\n\t\t\t\t\t\t\t\t\t<span class=\"elementor-button-text\">Directions<\/span>\n\t\t\t\t\t<\/span>\n\t\t\t\t\t<\/a>\n\t\t\t\t<\/div>\n\t\t\t\t\t\t\t\t<\/div>\n\t\t\t\t<\/div>\n\t\t\t\t<div class=\"elementor-element elementor-element-1559658 elementor-widget elementor-widget-heading\" data-id=\"1559658\" data-element_type=\"widget\" data-e-type=\"widget\" data-widget_type=\"heading.default\">\n\t\t\t\t<div class=\"elementor-widget-container\">\n\t\t\t\t\t<h3 class=\"elementor-heading-title elementor-size-default\">Social Media<\/h3>\t\t\t\t<\/div>\n\t\t\t\t<\/div>\n\t\t\t\t<div class=\"elementor-element elementor-element-62d7ffe elementor-nav-menu--dropdown-none elementor-widget elementor-widget-nav-menu\" data-id=\"62d7ffe\" data-element_type=\"widget\" data-e-type=\"widget\" data-settings=\"{&quot;layout&quot;:&quot;vertical&quot;,&quot;submenu_icon&quot;:{&quot;value&quot;:&quot;&lt;i class=\\&quot;\\&quot; aria-hidden=\\&quot;true\\&quot;&gt;&lt;\\\/i&gt;&quot;,&quot;library&quot;:&quot;&quot;}}\" data-widget_type=\"nav-menu.default\">\n\t\t\t\t<div class=\"elementor-widget-container\">\n\t\t\t\t\t\t\t\t<nav aria-label=\"Men\u00fc\" class=\"elementor-nav-menu--main elementor-nav-menu__container elementor-nav-menu--layout-vertical e--pointer-underline e--animation-fade\">\n\t\t\t\t<ul id=\"menu-1-62d7ffe\" class=\"elementor-nav-menu sm-vertical\"><li class=\"menu-item menu-item-type-custom menu-item-object-custom menu-item-249\"><a target=\"_blank\" href=\"https:\/\/www.linkedin.com\/company\/commax-consulting\/\" class=\"elementor-item\">LinkedIn<\/a><\/li>\n<li class=\"menu-item menu-item-type-custom menu-item-object-custom menu-item-248\"><a target=\"_blank\" href=\"https:\/\/www.instagram.com\/commax.consulting\" class=\"elementor-item\">Instagram<\/a><\/li>\n<\/ul>\t\t\t<\/nav>\n\t\t\t\t\t\t<nav class=\"elementor-nav-menu--dropdown elementor-nav-menu__container\" aria-hidden=\"true\">\n\t\t\t\t<ul id=\"menu-2-62d7ffe\" class=\"elementor-nav-menu sm-vertical\"><li class=\"menu-item menu-item-type-custom menu-item-object-custom menu-item-249\"><a target=\"_blank\" href=\"https:\/\/www.linkedin.com\/company\/commax-consulting\/\" class=\"elementor-item\" tabindex=\"-1\">LinkedIn<\/a><\/li>\n<li class=\"menu-item menu-item-type-custom menu-item-object-custom menu-item-248\"><a target=\"_blank\" href=\"https:\/\/www.instagram.com\/commax.consulting\" class=\"elementor-item\" tabindex=\"-1\">Instagram<\/a><\/li>\n<\/ul>\t\t\t<\/nav>\n\t\t\t\t\t\t<\/div>\n\t\t\t\t<\/div>\n\t\t\t\t<\/div>\n\t\t\t\t\t<\/div>\n\t\t\t\t<\/div>\n\t\t\t\t<\/div>\n\t\t","protected":false},"excerpt":{"rendered":"<p>We look forwardto hearing from you. Contact us now We are here for you Do you have questions, brilliant ideas, or specific challenges? Feel free to knock on our digital door. Use our contact form or pick up the phone. We are happy to assist you and offer free, no-obligation advice. Contact info@commax.de089 &#8211; 360 [&hellip;]<\/p>\n","protected":false},"author":1,"featured_media":0,"parent":0,"menu_order":0,"comment_status":"closed","ping_status":"closed","template":"","meta":{"footnotes":""},"class_list":["post-10092","page","type-page","status-publish","hentry"],"acf":[],"_links":{"self":[{"href":"https:\/\/www.commax.de\/en\/wp-json\/wp\/v2\/pages\/10092","targetHints":{"allow":["GET"]}}],"collection":[{"href":"https:\/\/www.commax.de\/en\/wp-json\/wp\/v2\/pages"}],"about":[{"href":"https:\/\/www.commax.de\/en\/wp-json\/wp\/v2\/types\/page"}],"author":[{"embeddable":true,"href":"https:\/\/www.commax.de\/en\/wp-json\/wp\/v2\/users\/1"}],"replies":[{"embeddable":true,"href":"https:\/\/www.commax.de\/en\/wp-json\/wp\/v2\/comments?post=10092"}],"version-history":[{"count":5,"href":"https:\/\/www.commax.de\/en\/wp-json\/wp\/v2\/pages\/10092\/revisions"}],"predecessor-version":[{"id":11012,"href":"https:\/\/www.commax.de\/en\/wp-json\/wp\/v2\/pages\/10092\/revisions\/11012"}],"wp:attachment":[{"href":"https:\/\/www.commax.de\/en\/wp-json\/wp\/v2\/media?parent=10092"}],"curies":[{"name":"wp","href":"https:\/\/api.w.org\/{rel}","templated":true}]}}